{"id":372,"date":"2020-02-19T14:43:47","date_gmt":"2020-02-19T14:43:47","guid":{"rendered":"http:\/\/4elemente.ch\/?page_id=372"},"modified":"2023-08-29T21:59:05","modified_gmt":"2023-08-29T21:59:05","slug":"sex","status":"publish","type":"page","link":"https:\/\/4elemente.ch\/?page_id=372","title":{"rendered":"Sex"},"content":{"rendered":"\n<p>Gehen\nwir gleich mitten hinein ins Thema. Definition von Sexualit\u00e4t: Sex ist, wenn\ndie Frau den Mann nicht nur in Schwingung versetzt, sondern, wenn sie diesen\nund diese Schwingung dann auch konsumiert. Krass gesagt, nicht wahr! Ja, die\nFrau muss dazu kommen, den Mann und seine Energie, seine Erregung so richtig zu\nkonsumieren. Sonst ist der Sex im vollen Sinn des Wortes auf der Strecke\ngeblieben. <\/p>\n\n\n\n<p>Vor Jahrzehnten bin ich mal mit einer Frau von einem TZI-Training von M\u00fcnchen nach Hause gefahren, und da haben wir auch dar\u00fcber geredet. Sie sagte: &#8222;Schlimm ist, das der Mann die Frau als Lustobjekt betrachtet.&#8220; <br>Stimmt vielleicht! Gewiss ein Jahrtausend war das so. <br>Ich schlage vor, dass wir diese Formel mal f\u00fcr ein paar hundert Jahre umkehren: Der Mann ist das Lustobjekt der Frau. <\/p>\n\n\n\n<p>Sexuelle Praxis ist demnach wie eine Ausfahrt mit dem Mercedes-Cabriolet an einem sch\u00f6nen Sonntag Nachmittag \u00fcber&#8217;s Land, oder auch in die Berge. Und der Mann stellt bei diesem Gleichnis den Motor dar, und die Frau sitzt am Steuer. In den asiatischen Traditionen von Tao und Tantra weiss man das schon Jahrhunderte.  An Stelle einer Definition k\u00f6nnte man auch fragen: &#8222;Um was geht es beim Sex?&#8220;. Das ist einfacher zu beantworten: Es geht um die Erektion des Mannes und um die Befriedigung der Frau. Nat\u00fcrlich h\u00f6re ich jetzt gleich Stimmen: &#8222;Ja, und was ist mit der Befriedigung des Mannes?&#8220; F\u00fcr den Mann gibt es zwei Stufen von Befriedigung, eine oberfl\u00e4chliche und eine tiefere. Die oberfl\u00e4chliche ist bekannt: Orgasmus. Die tiefere jedoch h\u00e4ngt von der Frau ab. Wenn die Frau eine volle Befriedigung bekommen hat, dann ist der Mann tief befriedigt. Darum &#8211; Sex dreht sich um die Befriedigung der Frau. Beide, Frau und Mann m\u00fcssen das wissen und anerkennen. Auch wenn der Mann in der sexuellen Praxis der Aktive ist, so muss die Frau der Chef sein. Sie muss das Sagen haben. Das ist vielleicht schwer. Aber es ist absolut notwendig. Die Frau muss im besten Sinne des Wortes egozentrisch sein. Sie muss wissen, dass es auf ihre Lust, ihre Erregung ankommt. Alle Formen von Sex, wo die Frau sich opfert, weil der Mann &#8222;es&#8220; ja so braucht, sind vorl\u00e4ufig. Das ist auch in Ordnung, aber vorl\u00e4ufig. Und da kann es keinen Druck geben. Es n\u00fctzt gar nichts, wenn er sie bedr\u00e4ngt, sie sollte Lust f\u00fchlen, einen Orgasmus haben. Auch wenn sie sich selber unter Druck setzt. Nat\u00fcrlich kann auch ein Bisschen Technik helfen, aber vor allem folgt die Lust auf die Liebe. Und die Hierarchie muss klar sein. Die Beiden k\u00f6nnten im Gespr\u00e4ch abmachen, dass der Mann das sexuelle Spielzeug der Frau ist, oder der sexuelle Diener, jedenfalls das Lustobjekt. <br><\/p>\n\n\n\n<p>Nun\ngibt es da eine Schwierigkeit: Ich besitze auch ein kleines Buch zu diesem\nThema mit dem Titel: &#8222;Vom Nehmen und Genommen-Werden&#8220;. Jaa!&nbsp; Es k\u00f6nnte ja sein, dass sie Lust hat genommen\nzu werden. Dann haben die Beiden die schwierige Aufgabe, auch dar\u00fcber im\nGespr\u00e4ch Klarheit zu schaffen. Jedenfalls, es geht um die Befriedigung der\nFrau. Die oberfl\u00e4chliche Befriedigung des Mannes ist ja kein Problem, die ist\nja machbar.<\/p>\n\n\n\n<p>Von Natur aus ist Sex der Wendepunkt: vorher ist es erotisch und nachher ist es Mutter-Vater-Stimmung. Dann ist es nicht mehr das Gleiche. W\u00e4hrend Jahrhunderten kam nach der Hochzeit die wunderbare Zeit der Liebe, und dann kamen die Kinder. In der erotischen Welt ist der Mann auf die Frau angewiesen und in der Mutter-Vater-Welt ist die Mutter auf den Vater angewiesen. Nun haben wir heute Knaus-Ogino und Antibaby-Pille &#8211; Verh\u00fctung. Damit kann man daf\u00fcr sorgen, dass Sex nicht der Wendepunkt ist, sondern dass die erotische Phase immer weiter geht, so scheint es. Aber das ist wohl ein Irrtum: Auch wenn sie nicht Mutter-Vater werden, dann macht die erotische Energie doch eine Alterung, eine Ver\u00e4nderung durch. Auch so ist es mit der Zeit nicht mehr das Gleiche. <\/p>\n\n\n\n<p>Gehen\nwir noch einmal zur\u00fcck. Am Anfang war das Erotische. Ich kann das gut am\nTagesablauf einer jungen Frau darstellen: <br>\n&#8212; Sie steht am Morgen vor dem Spiegel, macht sich sch\u00f6n. Das ist die\nVorbereitungsphase. <br>\n&#8212; Dann geht sie durch die Strasse der noblen Gesch\u00e4fte. Sie hat sich wirklich\nsch\u00f6n gemacht, wirklich begehrenswert. Bert Hellinger sagte: Es ist, als h\u00e4tte\nsie vorne eine Tafel wo drauf steht: &#8222;ich suche einen Mann&#8220;.&nbsp; &#8211; Und schon kommt einer auf Sie zu:\n&#8222;Hallo, da bin ich ! !&#8220;&nbsp; Und\nschon dreht sie sich um, und l\u00e4uft weg. Und es ist, als h\u00e4tte sie hinten auch\neine Tafel, wo drauf steht: &#8222;Aber nicht dich, du Sauhund!&#8220; Das ist\ndie Distanz-Phase. <\/p>\n\n\n\n<p>&#8212;\nAm Abend schl\u00e4ft sie dann mit einem Mann. Das ist die N\u00e4he-Phase.<\/p>\n\n\n\n<p>Dieses\nDrei-Phasen-Model illustriert sehr sch\u00f6n die erotische Welt. Frau versetzt Mann\nin Schwingung, in Vibration. Sie m\u00f6chte begehrt werden. Aber sie darf nicht\nbillig zu haben sein. Das ist Ur-Natur. Bei den Herden-Tieren gibt es vor dem\nSex lange K\u00e4mpfe, wo die B\u00f6cke unter sich ausmachen m\u00fcssen, wer die Weibchen\nbekommt. Bei den Einzelg\u00e4nger-Tieren spielt das Weibchen selbst diese Rolle.\nZum Beispiel bei den Mardern. Oder bei den Igeln: Da kann das M\u00e4nnchen bis zu\n24 Stunden mit dem Weibchen k\u00e4mpfen, bis sie Sex zul\u00e4sst. <\/p>\n\n\n\n<figure class=\"wp-block-image size-large\"><img loading=\"lazy\" decoding=\"async\" width=\"440\" height=\"35\" src=\"http:\/\/4elemente.ch\/wp-content\/uploads\/2020\/02\/Pfeil-1.png\" alt=\"\" class=\"wp-image-374\" srcset=\"https:\/\/4elemente.ch\/wp-content\/uploads\/2020\/02\/Pfeil-1.png 440w, https:\/\/4elemente.ch\/wp-content\/uploads\/2020\/02\/Pfeil-1-300x24.png 300w\" sizes=\"auto, (max-width: 440px) 100vw, 440px\" \/><\/figure>\n\n\n\n<p>Man\nk\u00f6nnte sagen, die Sexualit\u00e4t des Mannes ist eindimensional. wie dieser Pfeil <br>\n<\/p>\n\n\n\n<figure class=\"wp-block-image size-large\"><img loading=\"lazy\" decoding=\"async\" width=\"567\" height=\"70\" src=\"http:\/\/4elemente.ch\/wp-content\/uploads\/2020\/02\/Pfeil-2.png\" alt=\"\" class=\"wp-image-375\" srcset=\"https:\/\/4elemente.ch\/wp-content\/uploads\/2020\/02\/Pfeil-2.png 567w, https:\/\/4elemente.ch\/wp-content\/uploads\/2020\/02\/Pfeil-2-300x37.png 300w\" sizes=\"auto, (max-width: 567px) 100vw, 567px\" \/><\/figure>\n\n\n\n<p>Die Sexualit\u00e4t der Frau ist komplex, wie die diese zwei Pfeile:<br><\/p>\n\n\n\n<p>Die\nBeiden haben nun die schwere Aufgabe diese Natur der Dinge zu verstehen und zu\nakzeptieren. Es kann nicht anders sein. Und wir k\u00f6nnen dieses Problem auch\ngleich bei den H\u00f6rnern packen, indem wir M\u00e4nner den Frauen zugestehen, dass sie\nim Sex das Sagen haben. <\/p>\n\n\n\n<p>Im Tantrischen oder im Tao-Sex sind nat\u00fcrlich auch M\u00e4nner beschrieben, die sich eine Stunde in der Frau bewegen k\u00f6nnen, mit enormer Liebe. Tausend liebende St\u00f6sse und mehrere Begeisterungst\u00fcrme im Laufe einer Stunde. Die Frau wird mit so viel Liebe \u00fcbersch\u00fcttet, bis sie zutiefst befriedigt ist. Dazu braucht es aber besonders weit entwickelte M\u00e4nner. In dem n\u00fcchternen Buch von Klaus Heer &#8222;Was ist guter Sex?&#8220; stehen ganz andere Dinge: Statistiken zeigen, dass es beim Durchschnittsschweizer etwa zwei-ein-halb Minuten geht, wenn er in die Frau eingedrungen ist, dann stolpert er schon \u00fcber den H\u00f6hepunkt und dann geht&#8217;s bergab. Tschuldigung, ich glaube, ich bin ein Durchschnittschweizer. In vielen Zeitungen &#8211; f\u00fcr die jungen Leute schon im Bravo-Heftli &#8211; stehen einfach verr\u00fcckte Idealismen. Die bringen ideale Wunsch-Vorstellungen und Identifikationen hervor, welche nur Frust machen. \u00a0\u00a0\u00a0\u00a0\u00a0\u00a0\u00a0\u00a0\u00a0\u00a0\u00a0\u00a0\u00a0\u00a0\u00a0\u00a0\u00a0\u00a0\u00a0\u00a0\u00a0\u00a0\u00a0\u00a0\u00a0\u00a0\u00a0\u00a0\u00a0\u00a0\u00a0\u00a0\u00a0\u00a0\u00a0\u00a0\u00a0\u00a0\u00a0\u00a0\u00a0\u00a0\u00a0\u00a0\u00a0\u00a0\u00a0\u00a0\u00a0\u00a0\u00a0\u00a0\u00a0\u00a0\u00a0\u00a0\u00a0\u00a0\u00a0\u00a0\u00a0 Johannes 2020<\/p>\n\n\n\n<p><br> <\/p>\n","protected":false},"excerpt":{"rendered":"<p>Gehen wir gleich mitten hinein ins Thema. Definition von Sexualit\u00e4t: Sex ist, wenn die Frau den Mann nicht nur in Schwingung versetzt, sondern, wenn sie diesen und diese Schwingung dann auch konsumiert. Krass gesagt, nicht wahr! Ja, die Frau muss dazu kommen, den Mann und seine Energie, seine Erregung so richtig zu konsumieren. Sonst ist [&hellip;]<\/p>\n","protected":false},"author":1,"featured_media":0,"parent":0,"menu_order":22,"comment_status":"closed","ping_status":"closed","template":"","meta":{"footnotes":""},"class_list":["post-372","page","type-page","status-publish","hentry"],"_links":{"self":[{"href":"https:\/\/4elemente.ch\/index.php?rest_route=\/wp\/v2\/pages\/372","targetHints":{"allow":["GET"]}}],"collection":[{"href":"https:\/\/4elemente.ch\/index.php?rest_route=\/wp\/v2\/pages"}],"about":[{"href":"https:\/\/4elemente.ch\/index.php?rest_route=\/wp\/v2\/types\/page"}],"author":[{"embeddable":true,"href":"https:\/\/4elemente.ch\/index.php?rest_route=\/wp\/v2\/users\/1"}],"replies":[{"embeddable":true,"href":"https:\/\/4elemente.ch\/index.php?rest_route=%2Fwp%2Fv2%2Fcomments&post=372"}],"version-history":[{"count":6,"href":"https:\/\/4elemente.ch\/index.php?rest_route=\/wp\/v2\/pages\/372\/revisions"}],"predecessor-version":[{"id":690,"href":"https:\/\/4elemente.ch\/index.php?rest_route=\/wp\/v2\/pages\/372\/revisions\/690"}],"wp:attachment":[{"href":"https:\/\/4elemente.ch\/index.php?rest_route=%2Fwp%2Fv2%2Fmedia&parent=372"}],"curies":[{"name":"wp","href":"https:\/\/api.w.org\/{rel}","templated":true}]}}