{"id":455,"date":"2020-03-14T10:47:09","date_gmt":"2020-03-14T10:47:09","guid":{"rendered":"http:\/\/4elemente.ch\/?page_id=455"},"modified":"2020-05-13T05:34:22","modified_gmt":"2020-05-13T05:34:22","slug":"geschichte","status":"publish","type":"page","link":"https:\/\/4elemente.ch\/?page_id=455","title":{"rendered":"Geschichte"},"content":{"rendered":"\n<p>Historie\n\/Geschichte<\/p>\n\n\n\n<p>W\u00e4hrend\nJahrtausenden lebten wir Menschen doch sehr in einer zweidimensionalen Welt. In\nGedanken, im Kopf nicht. Nein. Da lebten wir in drei Dimensionen. Wir konnten\nuns einen Himmel hoch \u00fcber uns und eine H\u00f6lle tief unter uns vorstellen. Aber\nwir selber lebten doch auf einer zweidimensionalen Oberfl\u00e4che. Wir gingen oder\nritten auf der Erdoberfl\u00e4che und wir glitten mit Booten \u00fcber die\nWasseroberfl\u00e4che. Erde und Wasser haben eine Oberfl\u00e4che, eine\nZweidimensionalit\u00e4t. Luft und Feuer haben keinerlei Zweidimensionalit\u00e4t. <br>\nIn den letzten 200 Jahren haben wir Menschen mit unsern K\u00f6rpern das erobert,\nwas das Denken schon immer hatte: die dritte Dimension. Wir bohren Tunnel durch\ndie Erde, fahren mit Unterseebooten. Und wir fliegen durch die Luft. <br>\nAber allt\u00e4glicherweise ist es immer noch das Gleiche: Wir bewegen uns auf\nOberfl\u00e4chen mit unseren F\u00fcssen und sitzen mit unserm Po auf Oberfl\u00e4chen. Wir\nhaben nicht den K\u00f6rper eines Vogels. <\/p>\n\n\n\n<p>In welchem Element ist nun die Religion zu Hause. Das Element Erde erm\u00f6glicht feste Formen. Fr\u00fcher sangen wir ein Kirchenlied: Halt fest auf allen Wegen am teuren Gotteswort&#8230;&#8230;&#8230;&#8230;\u2026 <br> Element Erde: Das Gotteswort ist fest, und wir sollen fest daran glauben. Und so entstanden dann auch feste Ideen: Du bist auf der Erde um dich zu Jesus zu bekehren. Du bist auf der Erde um an Jesus Christus zu glauben. Und wenn Du das tust, kommst Du am Schluss in den Himmel, wenn nicht in die H\u00f6lle. Feste Formen, Element Erde!<\/p>\n\n\n\n<p>Das\nwar schon vor 2000 Jahren so. Das Judentum hatte feste Formen. Jesus hat da\nnicht hinein gepasst. Darum musste er eliminiert werden. Alles was recht\nist!&nbsp; Die Kirche muss im Dorf bleiben. Wo\nkommen wir da hin, wenn&#8230;&#8230;&#8230;<\/p>\n\n\n\n<p>Das mit den festen Formen hat in der Religion niemals wirklich funktioniert. Sollen wir es in Sachen Religion einmal mit Element Luft oder sogar mit Element Feuer probieren? <br> Das gab&#8217;s ja schon immer: Gnostiker, EsoterikerInnen, MystikerInnen, MeditiererInnen, Reinkarnation, Spirituelle Menschen, Spinner und Schw\u00e4rmer. Um Gottes Willen! wo kommen wir da hin?!<\/p>\n\n\n\n<p>Irgendwie ist da dann doch irgend etwas Festes in der Religion, aber der Geist Gottes ist keine feste Form.\u00a0\u00a0Der Wind weht wo er will. \u00a0 Truurig, truurig!<\/p>\n","protected":false},"excerpt":{"rendered":"<p>Historie \/Geschichte W\u00e4hrend Jahrtausenden lebten wir Menschen doch sehr in einer zweidimensionalen Welt. In Gedanken, im Kopf nicht. Nein. Da lebten wir in drei Dimensionen. Wir konnten uns einen Himmel hoch \u00fcber uns und eine H\u00f6lle tief unter uns vorstellen. Aber wir selber lebten doch auf einer zweidimensionalen Oberfl\u00e4che. Wir gingen oder ritten auf der [&hellip;]<\/p>\n","protected":false},"author":1,"featured_media":0,"parent":0,"menu_order":17,"comment_status":"closed","ping_status":"closed","template":"","meta":{"footnotes":""},"class_list":["post-455","page","type-page","status-publish","hentry"],"_links":{"self":[{"href":"https:\/\/4elemente.ch\/index.php?rest_route=\/wp\/v2\/pages\/455","targetHints":{"allow":["GET"]}}],"collection":[{"href":"https:\/\/4elemente.ch\/index.php?rest_route=\/wp\/v2\/pages"}],"about":[{"href":"https:\/\/4elemente.ch\/index.php?rest_route=\/wp\/v2\/types\/page"}],"author":[{"embeddable":true,"href":"https:\/\/4elemente.ch\/index.php?rest_route=\/wp\/v2\/users\/1"}],"replies":[{"embeddable":true,"href":"https:\/\/4elemente.ch\/index.php?rest_route=%2Fwp%2Fv2%2Fcomments&post=455"}],"version-history":[{"count":5,"href":"https:\/\/4elemente.ch\/index.php?rest_route=\/wp\/v2\/pages\/455\/revisions"}],"predecessor-version":[{"id":460,"href":"https:\/\/4elemente.ch\/index.php?rest_route=\/wp\/v2\/pages\/455\/revisions\/460"}],"wp:attachment":[{"href":"https:\/\/4elemente.ch\/index.php?rest_route=%2Fwp%2Fv2%2Fmedia&parent=455"}],"curies":[{"name":"wp","href":"https:\/\/api.w.org\/{rel}","templated":true}]}}