{"id":557,"date":"2021-04-19T12:23:38","date_gmt":"2021-04-19T12:23:38","guid":{"rendered":"https:\/\/4elemente.ch\/?page_id=557"},"modified":"2021-05-01T05:27:47","modified_gmt":"2021-05-01T05:27:47","slug":"schweizer-gelbwesten","status":"publish","type":"page","link":"https:\/\/4elemente.ch\/?page_id=557","title":{"rendered":"Schweizer Gelbwesten"},"content":{"rendered":"\n<p class=\"has-large-font-size\">Seit April 2021 Demo-Verbot<\/p>\n\n\n\n<p>&#8212; das gibt uns zu denken, es regt uns auf<br>&#8212; Es war ein gutes Gef\u00fchl: alle 4 Wochen an eine Demo gehen.<br>&#8212; in Chur waren wir 2&#8217;000 in Liestal waren wir 6&#8217;000<br>&#8212; und jetzt dieses Demo-Verbot!!<br>&#8212; Frust &#8211;&gt; Wut &#8211;&gt; Ohnmacht-Gef\u00fchle<br>&#8212; jetzt k\u00f6nnen wir gar nichts mehr tun !!<br>&#8212; Doch, wir k\u00f6nnen etwas machen !!<\/p>\n\n\n\n<p class=\"has-large-font-size\">eine Bewegung nicht gleich, <br>              aber \u00e4hnlich den Gelbwesten<\/p>\n\n\n\n<p>&#8212; immer Samstag machen wir einen individuellen Spaziergang<br>&#8212; in der Flanier- und Fussg\u00e4ngerzone der grossen Schweizerst\u00e4dte<\/p>\n\n\n\n<p class=\"has-large-font-size\">3 Dinge machen wir ab<\/p>\n\n\n\n<p>1. &nbsp;wir brauchen ein auff\u00e4lliges Erkennungszeichen, n\u00e4mlich<br>&nbsp;&nbsp;&nbsp;&nbsp;&nbsp;&nbsp;&nbsp; ein rot-weisses Tshirt,  &#8211;&gt; die Farben der Schweizerfahne<\/p>\n\n\n\n<p>2. immer 14 &#8211; 16 Uhr \/ die Engagierten schon 10 bis 17 Uhr<\/p>\n\n\n\n<p>3. in den Fussg\u00e4ngerzonen der grossen Schweizerst\u00e4dte<br>&nbsp;&nbsp;&nbsp;&nbsp;&nbsp;&nbsp;&nbsp; so lange wir wenige sind begehen wir die Bahnhofstrasse Z\u00fcrich<br>&nbsp;&nbsp;&nbsp;&nbsp;&nbsp;&nbsp;&nbsp; sobald wir viele sind, weitet sich die Bewegung aus&nbsp;<\/p>\n\n\n\n<p class=\"has-large-font-size\">&nbsp;wir sind keine Demo<\/p>\n\n\n\n<p>&#8212; Demonstration bedeutet: das Volk zeigt sich<br>&#8212; klar zeigen wir uns !<br>&#8212; aber nach der Definition der Beh\u00f6rden sind wir keine Demo.<br>&#8212; f\u00fcr eine Demo braucht es einen Ort,<br>\u00a0\u00a0\u00a0\u00a0\u00a0\u00a0\u00a0 einen Platz, wo man sich trifft<br>&#8212; eine Demo hat eine Marschroute<br>&#8212; eine Demo braucht einen Platz f\u00fcr die Schlusskundgebung, wo die<br>\u00a0\u00a0\u00a0\u00a0\u00a0\u00a0\u00a0 Reden stattfinden<br>&#8212; eine Demo braucht\/ist eine Organisation.<br>&#8212; eine Demo braucht eine Bewilligung<br>&#8212; das alles haben\/sind\/brauchen wir nicht.<\/p>\n\n\n\n<p class=\"has-large-font-size\"><br>wir sind eine Bewegung.<\/p>\n\n\n\n<p class=\"has-large-font-size\">wie sieht das Tshirt aus?<\/p>\n\n\n\n<p>&#8212; Sie kaufen 2 Tshirt, ein knallrotes und ein weisses<br>&#8212; Gr\u00f6sse XL, damit Sie noch einen Pullover darunter anziehen k\u00f6nnen<br>&#8212; Sie schneiden die Tshirt&#8217;s unter und \u00fcber der Schulter senkrecht<br>&nbsp;&nbsp;&nbsp;&nbsp;&nbsp;&nbsp;&nbsp; ein zwei Teile, einen vorderen und einen hinteren Teil<br>&#8212; dann n\u00e4hen sie die Teile zusammen, so dass ein Tshirt vorne rot<br>&nbsp;&nbsp;&nbsp;&nbsp;&nbsp;&nbsp;&nbsp; und hinten weiss ist. Das andere umgekehrt.<br>&#8212; das gen\u00fcgt schon.<br>&#8212; mit diesem auff\u00e4lliges Erkennungszeichen machen Sie einen ganz<br>&nbsp;&nbsp;&nbsp;&nbsp;&nbsp;&nbsp;&nbsp; individuellen Spaziergang, allein oder mit Partner<br>&#8212; Kein Polizist kann etwas dagegen sagen<br>&#8212; ein Spaziergang in einem farbigen Tshirt<br>&nbsp;&nbsp;&nbsp;&nbsp;&nbsp;&nbsp;&nbsp; ist das Nat\u00fcrlichste der Welt<br>&#8212; nat\u00fcrlich k\u00f6nnen Sie noch einen markigen Corona-Spruch drauf<br>&nbsp;&nbsp;&nbsp;&nbsp;&nbsp;&nbsp;&nbsp; schreiben, Textil-Filzstifte gibt&#8217;s im Migros do-it<br>&#8212; auch dagegen kann kein Polizist etwas sagen, ein Tshirt mit Schrift<br>&nbsp;&nbsp;&nbsp;&nbsp;&nbsp;&nbsp;&nbsp; drauf ist das Nat\u00fcrlichste der Welt<br>&#8212; das ist ein auff\u00e4lliges Erkennungszeichen. Davon braucht es nur<br>&nbsp;&nbsp;&nbsp;&nbsp;&nbsp;&nbsp;&nbsp; zwei Dutzend in der Bahnhofstrasse, schon f\u00e4llt es auf.<br>&#8212; und genau das soll es ja auch &#8211;&gt; das Volk zeigt sich.<br>&#8212; Jedoch keine Demo !! wir brauchen keine Bewilligung.<br>&#8212; wenn ein Polizist sagt: &#8222;Es darf kein politischer Text drauf sein!&#8220;,<br>&nbsp;&nbsp;&nbsp;&nbsp;&nbsp;&nbsp;&nbsp; dann verlangen Sie von ihm die Verordnung, wo das stehen soll.<\/p>\n\n\n\n<p class=\"has-large-font-size\">wir haben Grund uns aufzuregen<\/p>\n\n\n\n<p>&#8212; Jaa, wir haben Grund, aber es ist auch gut, wenn die Wut nicht nur in uns drin hockt, sondern wir auch etwas daraus machen.<br>&#8212; immer Samstag 14 &#8211; 16 Uhr gibt&#8217;s dazu Gelegenheit<br>&#8212; Menschen, die Angst haben vor dem Angep\u00f6belt-Werden, m\u00fcssen<br>&nbsp;&nbsp;&nbsp;&nbsp;&nbsp;&nbsp;&nbsp; vielleicht eine Gruppe bilden, jedoch mit 7 Metern Abstand.<br>&#8212; und Sie k\u00f6nnen sogar eine Maske tragen &#8211;&gt; \u00fcberkorreckt, dann ist<br>&nbsp;&nbsp;&nbsp;&nbsp;&nbsp;&nbsp;&nbsp; Ihr Spaziergang erst recht unangreifbar vom Staat<br>&#8212; hier  2 Fotos: <\/p>\n\n\n\n<p><\/p>\n\n\n\n<figure class=\"wp-block-image size-large\"><img loading=\"lazy\" decoding=\"async\" width=\"703\" height=\"929\" src=\"https:\/\/4elemente.ch\/wp-content\/uploads\/2021\/04\/Cov-wir-2.jpg\" alt=\"\" class=\"wp-image-564\" srcset=\"https:\/\/4elemente.ch\/wp-content\/uploads\/2021\/04\/Cov-wir-2.jpg 703w, https:\/\/4elemente.ch\/wp-content\/uploads\/2021\/04\/Cov-wir-2-227x300.jpg 227w\" sizes=\"auto, (max-width: 703px) 100vw, 703px\" \/><\/figure>\n\n\n\n<p><\/p>\n\n\n\n<figure class=\"wp-block-image size-large\"><img loading=\"lazy\" decoding=\"async\" width=\"1024\" height=\"806\" src=\"https:\/\/4elemente.ch\/wp-content\/uploads\/2021\/04\/asoz-Dist-1024x806.jpg\" alt=\"\" class=\"wp-image-565\" srcset=\"https:\/\/4elemente.ch\/wp-content\/uploads\/2021\/04\/asoz-Dist-1024x806.jpg 1024w, https:\/\/4elemente.ch\/wp-content\/uploads\/2021\/04\/asoz-Dist-300x236.jpg 300w, https:\/\/4elemente.ch\/wp-content\/uploads\/2021\/04\/asoz-Dist-768x605.jpg 768w, https:\/\/4elemente.ch\/wp-content\/uploads\/2021\/04\/asoz-Dist.jpg 1034w\" sizes=\"auto, (max-width: 1024px) 100vw, 1024px\" \/><\/figure>\n\n\n\n<p>&#8212; etwa so k\u00f6nnte dieser Spaziergang aussehen. <br>&#8212; den Spruch Covid-1984 habe ich nicht selber erfunden. Nein, den hab&#8216; ich im Internet gesehen. (Demo in London) Den d\u00fcrfen Sie selbstverst\u00e4ndlich auch benutzen.<br>&#8212; Er ist gar nicht \u00fcbertrieben! In China ist dies schon recht stark Realit\u00e4t. Und auch bei uns gibt es Stimmen, die dies fordern.<br>&#8212; Er ist in allen Sprachen verstehbar.<br>&#8212; Er ist optimal kurz.<br>&#8212; Wenn viele von uns den benutzen, dann haben Millionen von<br>&nbsp;&nbsp;&nbsp;&nbsp;&nbsp;&nbsp;&nbsp; SchweizerInnen das Problem, dass sie nicht verstehen, und ihre Mitmenschen fragen&nbsp; m\u00fcssen, was er bedeutet.<br>&#8212; Schon regen wir die Menschen zu Gespr\u00e4chen an, super !<br>&nbsp;<\/p>\n\n\n\n<p class=\"has-large-font-size\">unsere Bewegung ist die nat\u00fcrliche Antwort auf dieses dumme Demoverbot !!<\/p>\n\n\n\n<p>&#8212; wenn Sie diese Spaziergang-Idee gut finden, dann haben Sie vielleicht eine Freundin, einen Freund, der\/dem Sie dies weitersagen k\u00f6nnen. Vielen Dank !<\/p>\n\n\n\n<p>&#8212; der Sommer liegt vor uns, nun beginnt die Spazier-Saison !<\/p>\n\n\n\n<p>&#8212; es gibt auch Menschen wie Wilhelm Tell:&#8220; egal ob diese Demo bewilligt ist oder nicht, ich geh nach Altdorf !&#8220; F\u00fcr alle, die sich nicht so viel Freiheit\/Frechheit erlauben ist mein Vorschlag vielleicht eine M\u00f6glichkeit. Und wenn&#8217;s grad keine Demo gibt, k\u00f6nnte er auch f\u00fcr diese S\u00f6hne und T\u00f6chter Tell&#8217;s gut sein. <\/p>\n\n\n\n<p>&#8212; Wenn Sie, liebe Leserin, lieber Leser, es nicht lieben an eine nicht bewilligte Demo zu gehen, aber doch etwas tun m\u00f6chten, dann w\u00e4re dies eine M\u00f6glichkeit.<\/p>\n\n\n\n<p>&#8212; viele Menschen wollen gar nicht k\u00e4mpfen und siegen. Es geht nicht um einen Tschutti-M\u00e4tsch. Nein, sie wollen einfach im \u00f6ffentlichen Raum zeigen, dass sie anderer Meinung sind. Und dieser rotweisse Spatziergang bedeutet nichts weiter, als ein Sich-Hinstellen, sein Gesicht zeigen und sagen: &#8222;ich denke anders&#8220;<\/p>\n\n\n\n<p>&#8212; es gibt auch Firmen, wo Sie sich einen Tshirt-Aufdruck auf der<br>&nbsp;&nbsp;&nbsp;&nbsp;&nbsp;&nbsp;&nbsp; Homepage kreieren k\u00f6nnen. Zum Beispiel<br>&nbsp;&nbsp;&nbsp;&nbsp;&nbsp;&nbsp;&nbsp; https:\/\/www.spreadshirt.ch\/<\/p>\n","protected":false},"excerpt":{"rendered":"<p>Seit April 2021 Demo-Verbot &#8212; das gibt uns zu denken, es regt uns auf&#8212; Es war ein gutes Gef\u00fchl: alle 4 Wochen an eine Demo gehen.&#8212; in Chur waren wir 2&#8217;000 in Liestal waren wir 6&#8217;000&#8212; und jetzt dieses Demo-Verbot!!&#8212; Frust &#8211;&gt; Wut &#8211;&gt; Ohnmacht-Gef\u00fchle&#8212; jetzt k\u00f6nnen wir gar nichts mehr tun !!&#8212; Doch, wir [&hellip;]<\/p>\n","protected":false},"author":1,"featured_media":0,"parent":0,"menu_order":1,"comment_status":"closed","ping_status":"closed","template":"","meta":{"footnotes":""},"class_list":["post-557","page","type-page","status-publish","hentry"],"_links":{"self":[{"href":"https:\/\/4elemente.ch\/index.php?rest_route=\/wp\/v2\/pages\/557","targetHints":{"allow":["GET"]}}],"collection":[{"href":"https:\/\/4elemente.ch\/index.php?rest_route=\/wp\/v2\/pages"}],"about":[{"href":"https:\/\/4elemente.ch\/index.php?rest_route=\/wp\/v2\/types\/page"}],"author":[{"embeddable":true,"href":"https:\/\/4elemente.ch\/index.php?rest_route=\/wp\/v2\/users\/1"}],"replies":[{"embeddable":true,"href":"https:\/\/4elemente.ch\/index.php?rest_route=%2Fwp%2Fv2%2Fcomments&post=557"}],"version-history":[{"count":12,"href":"https:\/\/4elemente.ch\/index.php?rest_route=\/wp\/v2\/pages\/557\/revisions"}],"predecessor-version":[{"id":578,"href":"https:\/\/4elemente.ch\/index.php?rest_route=\/wp\/v2\/pages\/557\/revisions\/578"}],"wp:attachment":[{"href":"https:\/\/4elemente.ch\/index.php?rest_route=%2Fwp%2Fv2%2Fmedia&parent=557"}],"curies":[{"name":"wp","href":"https:\/\/api.w.org\/{rel}","templated":true}]}}