{"id":619,"date":"2022-02-12T12:43:51","date_gmt":"2022-02-12T12:43:51","guid":{"rendered":"https:\/\/4elemente.ch\/?page_id=619"},"modified":"2022-06-09T18:27:46","modified_gmt":"2022-06-09T18:27:46","slug":"619-2","status":"publish","type":"page","link":"https:\/\/4elemente.ch\/?page_id=619","title":{"rendered":"Links"},"content":{"rendered":"\n<p>Immer mal wieder sagt mir mein Therapeut: &#8222;stell diesen Link auf Deine Homepage!&#8220; Das mach ich jetzt, ich stelle eine Menge Links da hinein.<\/p>\n\n\n\n<h2 class=\"wp-block-heading\">Thema C-Seuche<\/h2>\n\n\n\n<h2 class=\"wp-block-heading\"><\/h2>\n\n\n\n<p>Eine ganz gute Nachricht: in der ber\u00fchmtesten medizinischen Zeitschrift, im &#8222;Lanzet&#8220; ist eine Studie erschienen, welche zeigt, dass die mRNA-Impfung eine sehr sch\u00e4dliche Sache ist. Nun hat eine Gruppe von Fachleuten an ganz viele Entscheidungstr\u00e4ger einen Brief verschickt, der dies darlegt. Ab jetzt kann kein M\u00e4chtiger mehr sagen, er habe nichts gewusst. Alle k\u00f6nnen in der Zukunft bestraft werden. Nun haben diese Grund zu ansteckender Angst. Es k\u00f6nnte jetzt eine Wende geben.<br><\/p>\n\n\n\n<p><a href=\"https:\/\/rumble.com\/vurhy8-sucharit-bhakdi-und-ronald-weikl-gute-nachrichten.html\">https:\/\/rumble.com\/vurhy8-sucharit-bhakdi-und-ronald-weikl-gute-nachrichten.html<\/a><\/p>\n\n\n\n<p>\u00abDas Schlimmste von allem ist, dass wir die M\u00f6glichkeit vers\u00e4umen, Millionen von Kindern zu retten, durch geringf\u00fcgige \u00c4nderungen am Impfprogramm\u00bb, sagte die d\u00e4nische Professorin Christine Stabell Benn 2018 in ihrem Vortrag. Hier ist zweimal der gleiche Film, einmal auf Infosperber, einmal auf Youtube. Hat mit Corona-Impfung nichts zu tun. Nur 17 Minuten. Deutsche Untertitel. Alle Paare, die sich Kinder w\u00fcnschen sollten das unbedingt wissen. Eine sehr engagierte Frau aus D\u00e4nemark!!<\/p>\n\n\n\n<figure class=\"wp-block-embed is-type-wp-embed is-provider-infosperber wp-block-embed-infosperber\"><div class=\"wp-block-embed__wrapper\">\n<blockquote class=\"wp-embedded-content\" data-secret=\"W2dmlh5GHv\"><a href=\"https:\/\/www.infosperber.ch\/gesundheit\/impfwirkungen-die-jahrzehntelang-ignoriert-wurden-1\/\">Impfwirkungen, die jahrzehntelang ignoriert wurden (1)<\/a><\/blockquote><iframe loading=\"lazy\" class=\"wp-embedded-content\" sandbox=\"allow-scripts\" security=\"restricted\" style=\"position: absolute; clip: rect(1px, 1px, 1px, 1px);\" title=\"&#171;Impfwirkungen, die jahrzehntelang ignoriert wurden (1)&#187; &#8212; infosperber\" src=\"https:\/\/www.infosperber.ch\/gesundheit\/impfwirkungen-die-jahrzehntelang-ignoriert-wurden-1\/embed\/#?secret=6xTUaJjoaj#?secret=W2dmlh5GHv\" data-secret=\"W2dmlh5GHv\" width=\"500\" height=\"282\" frameborder=\"0\" marginwidth=\"0\" marginheight=\"0\" scrolling=\"no\"><\/iframe>\n<\/div><\/figure>\n\n\n\n<figure class=\"wp-block-embed is-type-video is-provider-youtube wp-block-embed-youtube wp-embed-aspect-16-9 wp-has-aspect-ratio\"><div class=\"wp-block-embed__wrapper\">\n<iframe loading=\"lazy\" title=\"How vaccines train the immune system in ways no one expected | Christine Stabell Benn | TEDxAarhus\" width=\"500\" height=\"281\" src=\"https:\/\/www.youtube.com\/embed\/_d8PNlXHJ48?start=1065&#038;feature=oembed\" frameborder=\"0\" allow=\"accelerometer; autoplay; clipboard-write; encrypted-media; gyroscope; picture-in-picture; web-share\" referrerpolicy=\"strict-origin-when-cross-origin\" allowfullscreen><\/iframe>\n<\/div><\/figure>\n\n\n\n<p>Der Psychoneuroimmunologie Christian Schubert, Professor in Innsbruck, forscht schon 20 Jahre zum Zusammenhang von dem, was wir &#8222;Ich&#8220; nennen und dem K\u00f6rper. Gerade jetzt wo wir die Corona-Virologen-Gl\u00e4ubigkeit erlebt haben, ist seine Sicht eine Befreiung f\u00fcr uns, die wir die ganze Corona-Atmosph\u00e4re im Volk erlebt und erlitten haben.<\/p>\n\n\n\n<p><\/p>\n\n\n\n<figure class=\"wp-block-embed is-type-video is-provider-youtube wp-block-embed-youtube wp-embed-aspect-16-9 wp-has-aspect-ratio\"><div class=\"wp-block-embed__wrapper\">\n<iframe loading=\"lazy\" title=\"01v KEET  PNI-Forschung  der Virus und die Medizin von Univ.- Prof. Dr. Dr. MSc. Christian Schubert\" width=\"500\" height=\"281\" src=\"https:\/\/www.youtube.com\/embed\/oQwgxlA5pRE?feature=oembed\" frameborder=\"0\" allow=\"accelerometer; autoplay; clipboard-write; encrypted-media; gyroscope; picture-in-picture; web-share\" referrerpolicy=\"strict-origin-when-cross-origin\" allowfullscreen><\/iframe>\n<\/div><\/figure>\n\n\n\n<p><\/p>\n\n\n\n<h2 class=\"wp-block-heading\">Thema Ukraine<\/h2>\n\n\n\n<p>in unseren Tagesmedien ist das Urteil klar: Russland\/Putin = die B\u00f6sen. <br>Wir im Westen = die Guten. Und insgeheim: ich geh\u00f6re zu den Guten. Und wir alle werden ganz intensiv und unbewusst in dieses Vor-Urteil hineingezogen. <br>Aber um ein guter Richter zu sein, der ein gutes Urteil f\u00e4llt, m\u00fcssten wir beide Seiten anh\u00f6ren. Wir haben aber meist keine Ahnung  von einer Berichterstattung, wo wir die andere Seite h\u00f6ren. Darum schreibe ich Euch da ein paar Vorschl\u00e4ge hin_<\/p>\n\n\n\n<p>Thomas R\u00f6per ist in Deutschland aufgewachsen, hat \u00d6konomie studiert, ist dann nach Petersburg gegangen als Finanzberater. Er spricht russisch. Nun haben ihm die extrem einseitigen deutschen Medien auf der Seele gelastet. und so hat er 2018 angefangen Medienkritik zu betreiben. Seine Homepage heisst www.antispiegel.ru<br> Jetzt Juni 2022 hat er gerade einen Artikel ver\u00f6ffentlicht \u00fcber den Unterschied der russischen und der deutschen  Berichterstattung:<\/p>\n\n\n\n<figure class=\"wp-block-embed is-type-wp-embed is-provider-anti-spiegel wp-block-embed-anti-spiegel\"><div class=\"wp-block-embed__wrapper\">\n<blockquote class=\"wp-embedded-content\" data-secret=\"bZD2TDsCRd\"><a href=\"https:\/\/www.anti-spiegel.ru\/2022\/dieses-mal-die-sueddeutsche-wieder-eine-anfrage-deutscher-medien\/\">Dieses Mal S\u00fcddeutsche Zeitung und NDR: Wieder eine Anfrage deutscher Medien<\/a><\/blockquote><iframe loading=\"lazy\" class=\"wp-embedded-content\" sandbox=\"allow-scripts\" security=\"restricted\" style=\"position: absolute; clip: rect(1px, 1px, 1px, 1px);\" title=\"&#8222;Dieses Mal S\u00fcddeutsche Zeitung und NDR: Wieder eine Anfrage deutscher Medien&#8220; &#8212; Anti-Spiegel\" src=\"https:\/\/www.anti-spiegel.ru\/2022\/dieses-mal-die-sueddeutsche-wieder-eine-anfrage-deutscher-medien\/embed\/#?secret=bZD2TDsCRd\" data-secret=\"bZD2TDsCRd\" width=\"500\" height=\"282\" frameborder=\"0\" marginwidth=\"0\" marginheight=\"0\" scrolling=\"no\"><\/iframe>\n<\/div><\/figure>\n\n\n\n<p>ich selber liebe den Journalisten Thierry Meyssan sehr. Er ist vielleicht ein Algerier, aber in Frankreich aufgewachsen. Ein sehr ehrlicher Journalist. Zweimal einem Attentat entgangen, fl\u00fcsterte ihm ein Geheimdienst-Offizier ins Ohr: &#8222;Hau ab, du bist auf der Abschussliste&#8220;.  Dann fl\u00fcchtete Thierry Meyssan nach Syrien. Dort betreibt er nun die Homepage <br>www.voltairenet.org    <br>Man muss zuerst oben auf &#8222;deutsch&#8220; klicken, diese Page hat viele Sprachen.  Er macht etwa einen Artikel pro Woche. Er hat erstaunliche Infoquellen und einen grossen Einblick in das Weltgeschehen, auch historischen Bezug. Man darf nach dem ersten Artikel, den man bei ihm gelesen hat nicht resignieren. Vielen Dinge versteht man nach und nach.<\/p>\n\n\n\n<p>Einen wilden Informanten m\u00f6chte ich noch erw\u00e4hnen: Matthias Br\u00f6ckers, er wohnt in der Schweiz. Seine Homepage heisst: <br>https:\/\/www.broeckers.com\/<br>Er hat fast als erster gegen 9\/11 angeschrieben. Ein hervorragender Journalist mit immer wieder einer harten Sprache oder einer scharfen Schnauze &#8211; wie man sagen k\u00f6nnte. Aber er hat einen sehr klaren Blick. <\/p>\n\n\n\n<p>auch www.infosperber.ch  schreibt immer mal wieder Artikel, die mir Eindruck machen. Diese Homepage hat sich dem freien &#8211; nicht linientreuen &#8211; Journalismus verschrieben. Das ist nat\u00fcrlich super. Aber dadurch schreiben dort auch Journalisten Artikel, wo ich denke: &#8222;nei, so \u00f6ppis&#8230;&#8230;&#8230;&#8230;&#8230;&#8230;.&#8220;<\/p>\n\n\n\n<p>auch <br>www.https:\/\/www.rubikon.news<br> ist eine hervorragende Quelle unabh\u00e4ngiger Berichterstattung.<\/p>\n\n\n\n<p>Und nat\u00fcrlich der <br>www.zeitpunkt.ch<br>ist die super Schweizer-Homepage, f\u00fcr Menschen, die weit \u00fcber die Tagesmedien hinausdenken.<\/p>\n\n\n\n<p>Diese letzten drei &#8222;Zeitungen&#8220; schreiben nat\u00fcrlich schon viele Jahre und \u00fcber ganz viele Themen, nicht nur \u00fcber die Ukraine.<\/p>\n","protected":false},"excerpt":{"rendered":"<p>Immer mal wieder sagt mir mein Therapeut: &#8222;stell diesen Link auf Deine Homepage!&#8220; Das mach ich jetzt, ich stelle eine Menge Links da hinein. Thema C-Seuche Eine ganz gute Nachricht: in der ber\u00fchmtesten medizinischen Zeitschrift, im &#8222;Lanzet&#8220; ist eine Studie erschienen, welche zeigt, dass die mRNA-Impfung eine sehr sch\u00e4dliche Sache ist. Nun hat eine Gruppe [&hellip;]<\/p>\n","protected":false},"author":1,"featured_media":0,"parent":0,"menu_order":7,"comment_status":"closed","ping_status":"closed","template":"","meta":{"footnotes":""},"class_list":["post-619","page","type-page","status-publish","hentry"],"_links":{"self":[{"href":"https:\/\/4elemente.ch\/index.php?rest_route=\/wp\/v2\/pages\/619","targetHints":{"allow":["GET"]}}],"collection":[{"href":"https:\/\/4elemente.ch\/index.php?rest_route=\/wp\/v2\/pages"}],"about":[{"href":"https:\/\/4elemente.ch\/index.php?rest_route=\/wp\/v2\/types\/page"}],"author":[{"embeddable":true,"href":"https:\/\/4elemente.ch\/index.php?rest_route=\/wp\/v2\/users\/1"}],"replies":[{"embeddable":true,"href":"https:\/\/4elemente.ch\/index.php?rest_route=%2Fwp%2Fv2%2Fcomments&post=619"}],"version-history":[{"count":19,"href":"https:\/\/4elemente.ch\/index.php?rest_route=\/wp\/v2\/pages\/619\/revisions"}],"predecessor-version":[{"id":675,"href":"https:\/\/4elemente.ch\/index.php?rest_route=\/wp\/v2\/pages\/619\/revisions\/675"}],"wp:attachment":[{"href":"https:\/\/4elemente.ch\/index.php?rest_route=%2Fwp%2Fv2%2Fmedia&parent=619"}],"curies":[{"name":"wp","href":"https:\/\/api.w.org\/{rel}","templated":true}]}}